{"id":7,"date":"2023-12-13T18:23:56","date_gmt":"2023-12-13T18:23:56","guid":{"rendered":"https:\/\/wszib.edu.pl\/lp\/czy-pasujesz\/?page_id=7"},"modified":"2024-02-02T09:44:26","modified_gmt":"2024-02-02T09:44:26","slug":"strona-glowna","status":"publish","type":"page","link":"https:\/\/wszib.edu.pl\/lp\/czy-pasujesz\/","title":{"rendered":"Strona g\u0142\u00f3wna"},"content":{"rendered":"\n<div class=\"android-large\">\n      <div class=\"div\">\n        <img decoding=\"async\" class=\"uuid\" src=\"https:\/\/wszib.edu.pl\/lp\/czy-pasujesz\/wp-content\/themes\/wbasic\/assets\/img\/uuid-c837efa1-5af1-4c83-a84f-947de46a2c35.svg\" \/>\n        <div class=\"overlap\">\n          <p class=\"text-wrapper\">Sprawd\u017a, czy pasujesz do WSZiB!<\/p>\n          <p class=\"wyb-r-uczelni-nie\">\n            Wyb\u00f3r uczelni? Nie\u0142atwa sprawa. Dlatego dajemy Ci mo\u017cliwo\u015b\u0107 sprawdzenia, czy pasujesz do Wy\u017cszej Szko\u0142y\n            Zarz\u0105dzania i Bankowo\u015bci oraz\u2026 czy my pasujemy do Ciebie \u2013 Twoich potrzeb, oczekiwa\u0144 czy stylu \u017cycia.\n          <\/p>\n          <img decoding=\"async\" class=\"frame\" src=\"https:\/\/wszib.edu.pl\/lp\/czy-pasujesz\/wp-content\/themes\/wbasic\/assets\/img\/frame-9.svg\" \/>\n          <div class=\"rectangle-wrapper\"><div class=\"rectangle\"><\/div><\/div>\n          <img decoding=\"async\" class=\"line\" src=\"https:\/\/wszib.edu.pl\/lp\/czy-pasujesz\/wp-content\/themes\/wbasic\/assets\/img\/line-3.svg\" \/>\n          <img decoding=\"async\" class=\"DZIEWCZYNA\" src=\"https:\/\/wszib.edu.pl\/lp\/czy-pasujesz\/wp-content\/themes\/wbasic\/assets\/img\/dziewczyna-mob.png\" \/>\n          <p class=\"czeka-na-ciebie-dos\">\n            Czeka na Ciebie dos\u0142ownie 5 pyta\u0144. Prostych, serio. Dzi\u0119ki nim dowiesz si\u0119 co nieco na temat studiowania,\n            dziekanatu czy interesuj\u0105cego Ci\u0119 kierunku. Pytania i odpowiedzi skonstruowali\u015bmy tak, aby pomog\u0142y Ci poczu\u0107\n            klimat WSZiB. Wynik pomo\u017ce Ci podj\u0105\u0107 dobr\u0105 decyzj\u0119 o wyborze naszej uczelni.\u00a0\u00a0<br \/>Wierzymy w\n            to!\u00a0<br \/><br \/>Zaczynamy?!\n          <\/p>\n          <div class=\"dymek-z-tekstem\">\n            <div class=\"overlap-group\">\n              <img decoding=\"async\" class=\"vector\" src=\"https:\/\/wszib.edu.pl\/lp\/czy-pasujesz\/wp-content\/themes\/wbasic\/assets\/img\/vector-1.svg\" \/>\n              <img decoding=\"async\" class=\"img\" src=\"https:\/\/wszib.edu.pl\/lp\/czy-pasujesz\/wp-content\/themes\/wbasic\/assets\/img\/vector.svg\" \/>\n              <p class=\"p\">Rozwi\u0105\u017c Test Na Studenta WSZiB, zajmie Ci to 5 minut!<\/p>\n            <\/div>\n          <\/div>\n        <\/div>\n        <div class=\"overlap-2\">\n          <p class=\"wybierz-interesuj-cy\">Wybierz interesuj\u0105cy Ci\u0119 kierunek<br \/>i rozwi\u0105\u017c test!<\/p>\n          <div class=\"overlap-3\">\n            <div class=\"div-2\">\n            <a href=\"https:\/\/wszib.edu.pl\/lp\/czy-pasujesz\/quiz\/logistyka\/\">\n              <div class=\"img-wrapper\"><img decoding=\"async\" class=\"logistyka\" src=\"https:\/\/wszib.edu.pl\/lp\/czy-pasujesz\/wp-content\/themes\/wbasic\/assets\/img\/logistyka-1.png\" \/><\/div>\n              <div class=\"text-wrapper-2\">Logistyka<\/div>\n              <\/a>\n            <\/div>\n            <div class=\"div-3\">\n            <a href=\"https:\/\/wszib.edu.pl\/lp\/czy-pasujesz\/quiz\/finanse-i-rachunkowosc\">\n              <div class=\"img-wrapper\"><img decoding=\"async\" class=\"frame-2\" src=\"https:\/\/wszib.edu.pl\/lp\/czy-pasujesz\/wp-content\/themes\/wbasic\/assets\/img\/frame-4.svg\" \/><\/div>\n              <div class=\"text-wrapper-3\">Finanse<br \/>i rachunkowo\u015b\u0107<\/div>\n              <\/a>\n            <\/div>\n          <\/div>\n          <div class=\"overlap-4\">\n            <div class=\"div-2\">\n            <a href=\"https:\/\/wszib.edu.pl\/lp\/czy-pasujesz\/quiz\/zarzadzanie\/\">\n              <div class=\"img-wrapper\"><img decoding=\"async\" class=\"group\" src=\"https:\/\/wszib.edu.pl\/lp\/czy-pasujesz\/wp-content\/themes\/wbasic\/assets\/img\/group-4-1.png\" \/><\/div>\n              <div class=\"text-wrapper-3\">Zarz\u0105dzanie<\/div>\n              <\/a>\n            <\/div>\n            <div class=\"marketing-cyfrowy\">\n            <a href=\"https:\/\/wszib.edu.pl\/lp\/czy-pasujesz\/quiz\/marketing-cyfrowy\/\">\n              <div class=\"overlap-5\">\n                <div class=\"rectangle-2\"><\/div>\n                <img decoding=\"async\" class=\"frame-3\" src=\"https:\/\/wszib.edu.pl\/lp\/czy-pasujesz\/wp-content\/themes\/wbasic\/assets\/img\/frame-5.svg\" \/>\n              <\/div>\n              <div class=\"text-wrapper-3\">Marketing cyfrowy<\/div>\n              <\/a>\n            <\/div>\n          <\/div>\n          <div class=\"overlap-6\">\n            <div class=\"div-3\">\n            <a href=\"https:\/\/wszib.edu.pl\/lp\/czy-pasujesz\/quiz\/przedsiebiorczosc-cyfrowa\/\">\n              <div class=\"img-wrapper\"><img decoding=\"async\" class=\"frame-4\" src=\"https:\/\/wszib.edu.pl\/lp\/czy-pasujesz\/wp-content\/themes\/wbasic\/assets\/img\/frame-7.svg\" \/><\/div>\n              <div class=\"text-wrapper-3\">Przedsi\u0119biorczo\u015b\u0107<br \/>cyfrowa<\/div>\n            <\/a>\n            <\/div>\n            <div class=\"div-2\">\n            <a href=\"https:\/\/wszib.edu.pl\/lp\/czy-pasujesz\/quiz\/komunikacja-i-psychologia-w-biznesie\/\">\n              <div class=\"img-wrapper\"><img decoding=\"async\" class=\"group-2\" src=\"https:\/\/wszib.edu.pl\/lp\/czy-pasujesz\/wp-content\/themes\/wbasic\/assets\/img\/group-6.png\" \/><\/div>\n              <p class=\"text-wrapper-3\">Komunikacja <br \/>i psychologia <br \/>w biznesie<\/p>\n            <\/a>\n            <\/div>\n          <\/div>\n          <div class=\"overlap-8\">\n<div class=\"div-3\">\n<a href=\"https:\/\/wszib.edu.pl\/lp\/czy-pasujesz\/quiz\/informatyka-stosowana\/\">\n            <div class=\"img-wrapper\"><img decoding=\"async\" class=\"group-3\" src=\"https:\/\/wszib.edu.pl\/lp\/czy-pasujesz\/wp-content\/themes\/wbasic\/assets\/img\/group-8-2.png\" \/><\/div>\n            <div class=\"text-wrapper-3\">Informatyka<br>stosowana<\/div>\n<\/a>\n\n<\/div>\n<div class=\"div-2\">\n<a href=\"https:\/\/wszib.edu.pl\/lp\/czy-pasujesz\/quiz\/informatyka\/\">\n            <div class=\"img-wrapper\"><img decoding=\"async\" class=\"group-3\" src=\"https:\/\/wszib.edu.pl\/lp\/czy-pasujesz\/wp-content\/themes\/wbasic\/assets\/img\/group-8-1.png\" \/><\/div>\n            <div class=\"text-wrapper-3\">Informatyka<\/div>\n<\/a>\n<\/div>\n          <\/div>\n        <\/div>\n      <\/div>\n    <\/div>\n\n\n<div class=\"desktop\">\n      <div class=\"div\">\n        <div class=\"overlap\">\n          <div class=\"rectangle\"><\/div>\n          <img decoding=\"async\" class=\"frame\" src=\"https:\/\/wszib.edu.pl\/lp\/czy-pasujesz\/wp-content\/themes\/wbasic\/assets\/img\/frame-3.svg\">\n          <img decoding=\"async\" class=\"line\" src=\"https:\/\/wszib.edu.pl\/lp\/czy-pasujesz\/wp-content\/themes\/wbasic\/assets\/img\/line-2.svg\">\n          <p class=\"text-wrapper\">Sprawd\u017a, czy pasujesz do WSZiB!<\/p>\n          <p class=\"wyb-r-uczelni-nie\">\n            Wyb\u00f3r uczelni? Nie\u0142atwa sprawa. Dlatego dajemy Ci mo\u017cliwo\u015b\u0107 sprawdzenia, czy pasujesz do Wy\u017cszej Szko\u0142y\n            Zarz\u0105dzania i Bankowo\u015bci oraz\u2026 czy my pasujemy do Ciebie \u2013 Twoich potrzeb, oczekiwa\u0144 czy stylu \u017cycia.\n          <\/p>\n          <p class=\"czeka-na-ciebie-dos\">\n            Czeka na Ciebie dos\u0142ownie 5 pyta\u0144. Prostych, serio. Dzi\u0119ki nim dowiesz si\u0119 co nieco na temat studiowania,\n            dziekanatu czy interesuj\u0105cego Ci\u0119 kierunku. Pytania i odpowiedzi skonstruowali\u015bmy tak, aby pomog\u0142y Ci poczu\u0107\n            klimat WSZiB. Wynik pomo\u017ce Ci podj\u0105\u0107 dobr\u0105 decyzj\u0119 o wyborze naszej uczelni.&nbsp;&nbsp;<br> Wierzymy w\n            to!&nbsp;<br><br>Zaczynamy?!\n          <\/p>\n          <img decoding=\"async\" class=\"img\" src=\"https:\/\/wszib.edu.pl\/lp\/czy-pasujesz\/wp-content\/themes\/wbasic\/assets\/img\/frame-8.svg\">\n          <img decoding=\"async\" class=\"frame-2\" src=\"https:\/\/wszib.edu.pl\/lp\/czy-pasujesz\/wp-content\/themes\/wbasic\/assets\/img\/frame-2.svg\">\n          <img decoding=\"async\" class=\"DZIEWCZYNA\" src=\"https:\/\/wszib.edu.pl\/lp\/czy-pasujesz\/wp-content\/themes\/wbasic\/assets\/img\/dziewczyna.png\">\n          <div class=\"dymek-z-tekstem\">\n            <div class=\"overlap-group\">\n              <img decoding=\"async\" class=\"vector\" src=\"https:\/\/wszib.edu.pl\/lp\/czy-pasujesz\/wp-content\/themes\/wbasic\/assets\/img\/vector-1.svg\">\n              <img decoding=\"async\" class=\"vector-2\" src=\"https:\/\/wszib.edu.pl\/lp\/czy-pasujesz\/wp-content\/themes\/wbasic\/assets\/img\/vector.svg\">\n              <p class=\"p\">Rozwi\u0105\u017c Test Na Studenta WSZiB, zajmie Ci to 5 minut!<\/p>\n            <\/div>\n          <\/div>\n        <\/div>\n        <div class=\"overlap-2\">\n          <p class=\"wybierz-interesuj-cy\">Wybierz interesuj\u0105cy Ci\u0119 kierunek<br>i rozwi\u0105\u017c test!<\/p>\n<div class=\"button-holder\">          \n<a class=\"dotest\" href=\"https:\/\/wszib.edu.pl\/lp\/czy-pasujesz\/quiz\/logistyka\"><img decoding=\"async\" class=\"logistyka-button\" src=\"https:\/\/wszib.edu.pl\/lp\/czy-pasujesz\/wp-content\/themes\/wbasic\/assets\/img\/logistyka-button.svg\"><img decoding=\"async\" class=\"logistyka-button dotest-button\" src=\"https:\/\/wszib.edu.pl\/lp\/czy-pasujesz\/wp-content\/themes\/wbasic\/assets\/img\/button-logistyka-a.svg\"><\/a>\n          \n<a class=\"dotest\" href=\"https:\/\/wszib.edu.pl\/lp\/czy-pasujesz\/quiz\/finanse-i-rachunkowosc\"><img decoding=\"async\" class=\"fir-button\" src=\"https:\/\/wszib.edu.pl\/lp\/czy-pasujesz\/wp-content\/themes\/wbasic\/assets\/img\/fir-button.svg\"><img decoding=\"async\" class=\"fir-button dotest-button\" src=\"https:\/\/wszib.edu.pl\/lp\/czy-pasujesz\/wp-content\/themes\/wbasic\/assets\/img\/button-fir-a.svg\"><\/a>\n\n<a class=\"dotest\" href=\"https:\/\/wszib.edu.pl\/lp\/czy-pasujesz\/quiz\/marketing\"><img decoding=\"async\" class=\"marketing-button\" src=\"https:\/\/wszib.edu.pl\/lp\/czy-pasujesz\/wp-content\/themes\/wbasic\/assets\/img\/marketing-button.svg\"><img decoding=\"async\" class=\"marketing-button dotest-button\" src=\"https:\/\/wszib.edu.pl\/lp\/czy-pasujesz\/wp-content\/themes\/wbasic\/assets\/img\/button-marketing-a.svg\"><\/a>\n\n<a class=\"dotest\" href=\"https:\/\/wszib.edu.pl\/lp\/czy-pasujesz\/quiz\/przedsiebiorczosc-cyfrowa\"><img decoding=\"async\" class=\"buttton\" src=\"https:\/\/wszib.edu.pl\/lp\/czy-pasujesz\/wp-content\/themes\/wbasic\/assets\/img\/buttton-przesiebiorczosc.svg\"><img decoding=\"async\" class=\"dotest-button buttton\" src=\"https:\/\/wszib.edu.pl\/lp\/czy-pasujesz\/wp-content\/themes\/wbasic\/assets\/img\/button-przedsiebiorczosc-a.svg\"><\/a>\n\n<a class=\"dotest\" href=\"https:\/\/wszib.edu.pl\/lp\/czy-pasujesz\/quiz\/informatyka\"><img decoding=\"async\" class=\"button-informatyka\" src=\"https:\/\/wszib.edu.pl\/lp\/czy-pasujesz\/wp-content\/themes\/wbasic\/assets\/img\/button-informatyka.svg\"><img decoding=\"async\" class=\"dotest-button button-informatyka\" src=\"https:\/\/wszib.edu.pl\/lp\/czy-pasujesz\/wp-content\/themes\/wbasic\/assets\/img\/button-informatyka-a.svg\"><\/a>\n          \n<a class=\"dotest\" href=\"https:\/\/wszib.edu.pl\/lp\/czy-pasujesz\/quiz\/komunikacja-i-psychologia-w-biznesie\"><img decoding=\"async\" class=\"komunikacja-button\" src=\"https:\/\/wszib.edu.pl\/lp\/czy-pasujesz\/wp-content\/themes\/wbasic\/assets\/img\/komunikacja-button-mobile.svg\"><img decoding=\"async\" class=\"komunikacja-button dotest-button\" src=\"https:\/\/wszib.edu.pl\/lp\/czy-pasujesz\/wp-content\/themes\/wbasic\/assets\/img\/button-komunikacja-a.svg\"><\/a>\n\n\n\n<a class=\"dotest\" href=\"https:\/\/wszib.edu.pl\/lp\/czy-pasujesz\/quiz\/zarzadzanie\"><img decoding=\"async\" class=\"zarzdzanie-button\" src=\"https:\/\/wszib.edu.pl\/lp\/czy-pasujesz\/wp-content\/themes\/wbasic\/assets\/img\/zarz-dzanie-button.svg\"><img decoding=\"async\" class=\"zarzdzanie-button dotest-button\" src=\"https:\/\/wszib.edu.pl\/lp\/czy-pasujesz\/wp-content\/themes\/wbasic\/assets\/img\/button-zarzadzanie-a.svg\"><\/a>\n         \n\n<a class=\"dotest\" href=\"https:\/\/wszib.edu.pl\/lp\/czy-pasujesz\/quiz\/informatyka-stosowana\"><img decoding=\"async\" class=\"button-informatyka2\" src=\"https:\/\/wszib.edu.pl\/lp\/czy-pasujesz\/wp-content\/themes\/wbasic\/assets\/img\/button-informatyka2.svg\"><img decoding=\"async\" class=\"dotest-button button-informatyka2\" src=\"https:\/\/wszib.edu.pl\/lp\/czy-pasujesz\/wp-content\/themes\/wbasic\/assets\/img\/button-informatyka2-a.svg\"><\/a>\n<\/div>\n\n        <\/div>\n        <a href=\"https:\/\/www.wszib.edu.pl\" target=\"_blank\" rel=\"noopener noreferrer\"><img decoding=\"async\" class=\"uuid\" src=\"https:\/\/wszib.edu.pl\/lp\/czy-pasujesz\/wp-content\/themes\/wbasic\/assets\/img\/uuid-c837efa1-5af1-4c83-a84f-947de46a2c35.svg\"><\/a>\n      \n      <\/div>\n    <\/div>\n","protected":false},"excerpt":{"rendered":"<p>Sprawd\u017a, czy pasujesz do WSZiB! Wyb\u00f3r uczelni? Nie\u0142atwa sprawa. Dlatego dajemy Ci mo\u017cliwo\u015b\u0107 sprawdzenia, czy pasujesz do Wy\u017cszej Szko\u0142y Zarz\u0105dzania i Bankowo\u015bci oraz\u2026 czy my pasujemy do Ciebie \u2013 Twoich potrzeb, oczekiwa\u0144 czy stylu \u017cycia. Czeka na Ciebie dos\u0142ownie 5 pyta\u0144. Prostych, serio. Dzi\u0119ki nim dowiesz si\u0119 co nieco na temat studiowania, dziekanatu czy interesuj\u0105cego [&hellip;]<\/p>\n","protected":false},"author":1,"featured_media":0,"parent":0,"menu_order":0,"comment_status":"closed","ping_status":"closed","template":"","meta":{"footnotes":""},"class_list":["post-7","page","type-page","status-publish","hentry"],"_links":{"self":[{"href":"https:\/\/wszib.edu.pl\/lp\/czy-pasujesz\/wp-json\/wp\/v2\/pages\/7","targetHints":{"allow":["GET"]}}],"collection":[{"href":"https:\/\/wszib.edu.pl\/lp\/czy-pasujesz\/wp-json\/wp\/v2\/pages"}],"about":[{"href":"https:\/\/wszib.edu.pl\/lp\/czy-pasujesz\/wp-json\/wp\/v2\/types\/page"}],"author":[{"embeddable":true,"href":"https:\/\/wszib.edu.pl\/lp\/czy-pasujesz\/wp-json\/wp\/v2\/users\/1"}],"replies":[{"embeddable":true,"href":"https:\/\/wszib.edu.pl\/lp\/czy-pasujesz\/wp-json\/wp\/v2\/comments?post=7"}],"version-history":[{"count":20,"href":"https:\/\/wszib.edu.pl\/lp\/czy-pasujesz\/wp-json\/wp\/v2\/pages\/7\/revisions"}],"predecessor-version":[{"id":61,"href":"https:\/\/wszib.edu.pl\/lp\/czy-pasujesz\/wp-json\/wp\/v2\/pages\/7\/revisions\/61"}],"wp:attachment":[{"href":"https:\/\/wszib.edu.pl\/lp\/czy-pasujesz\/wp-json\/wp\/v2\/media?parent=7"}],"curies":[{"name":"wp","href":"https:\/\/api.w.org\/{rel}","templated":true}]}}