{"id":664,"date":"2025-07-17T10:59:54","date_gmt":"2025-07-17T08:59:54","guid":{"rendered":"https:\/\/wszib.edu.pl\/jubileusz\/?page_id=664"},"modified":"2025-07-17T11:00:28","modified_gmt":"2025-07-17T09:00:28","slug":"listy-gratulacyjne-dla-wszib","status":"publish","type":"page","link":"https:\/\/wszib.edu.pl\/jubileusz\/listy-gratulacyjne-dla-wszib\/","title":{"rendered":"Listy gratulacyjne dla WSZiB"},"content":{"rendered":" \r\r\n\r\r\n\r\r\n<section id=\"block_84bafd2b7715dbc21f2e1c19c3b99623\" class=\" big_hero_container \">\r\r\n    <a name=\"big_hero\" style=\"margin-top: -200px; position: absolute\"><\/a>\r\r\n    \r\n    \r\n\n\n<div class=\"big_hero black-b-color b-cover b-center\" >\n\n    <div class=\"transparent_image\" style=\"background-image: url(https:\/\/wszib.edu.pl\/jubileusz\/wp-content\/uploads\/2025\/03\/Frame-4-2-1829x1300.jpg); opacity: 1;\"><\/div>\n    \n    <div class=\"container hide-small\">\n        <img decoding=\"async\" src=\"https:\/\/wszib.edu.pl\/jubileusz\/wp-content\/themes\/wszib\/img\/big30.png\" alt=\"30 lecie\" class=\"big30\">\n    <\/div>\n\n    <div class=\"container pt-140 hide-small\">\n        <div class=\"row\">\n            <div class=\"col-lg-10 offset-lg-1\">\n                <a href=\"https:\/\/wszib.edu.pl\/jubileusz\" class=\"logo\">\n                    <img decoding=\"async\" class=\"main-wszib-logo \" src=\"https:\/\/wszib.edu.pl\/jubileusz\/wp-content\/uploads\/2025\/03\/logo_wszib_jubileusz.png\" alt=\"Jubileusz\">\n                <\/a>\n            <\/div>\n        <\/div>\n    <\/div>\n\n    <div class=\"bottom_title\">\n        <div class=\"container\">\n            <div class=\"row\">\n                <div class=\"col-lg-5\">\n                                            <h1 class=\"mb-2\">Nasza historia<br>&#8211; Twoja przysz\u0142o\u015b\u0107<\/h1>\n                                                                <h2 class=\"font11 font300\">Jubileusz Uczelni<\/h2>\n                                    <\/div>\n            <\/div>\n           \n        <\/div>\n    <\/div>\n<\/div>\n\n\n\n\n\n\n\n<\/section>\n\n \r\r\n\r\r\n\r\r\n<section id=\"block_3f018ca0f818172460e5a8096d48078e\" class=\" simple_text_container \">\r\r\n    <a name=\"simple_text\" style=\"margin-top: -200px; position: absolute\"><\/a>\r\r\n    \r\n    \r\n\r\n\r\n\r\n\r\n\r\n<div class=\"container mt-70\">\r\n    <div class=\"row\">\r\n                    <div class=\"col-lg-10 offset-lg-1\">\r\n        \r\n    \r\n\r\n\r\n\r\n        \r\n        \r\n            <h2>Z okazji Jubileuszu 30-lecia Wy\u017cszej Szko\u0142y Zarz\u0105dzania i Bankowo\u015bci w Krakowie otrzymali\u015bmy wiele serdecznych list\u00f3w gratulacyjnych. Te wyrazy uznania s\u0105 dla nas \u017ar\u00f3d\u0142em dumy i potwierdzeniem znaczenia, jakie nasza spo\u0142eczno\u015b\u0107 akademicka odgrywa w \u015brodowisku naukowym i edukacyjnym.                                                                                   Dzi\u0119kujemy<\/h2>\r\n\r\n        \r\n\r\n\r\n        \r\n        \r\n\r\n\r\n        \r\n    <\/div>\r\n\r\n<\/div>\r\n\r\n\r\n\r\n\r\n\r\n\r\n\r\n<\/section>\n\n\n<div class=\"wp-block-group images-slider\"><div class=\"wp-block-group__inner-container is-layout-constrained wp-block-group-is-layout-constrained\"><div id=\"metaslider-id-666\" style=\"width: 100%;\" class=\"ml-slider-3-99-0 metaslider metaslider-flex metaslider-666 ml-slider ml-slider-lightbox-1-13-4 firelight-lightbox-2-3-17 ms-theme-clarity has-carousel-mode has-dots-nav\" role=\"region\" aria-label=\"Listy gratulacyjne\" data-width=\"300\">\n    <div id=\"metaslider_container_666\">\n        <div id=\"metaslider_666\" class=\"flexslider\">\n            <ul aria-live='off' class='slides'>\n                <li style=\"display: none; width: 100%;\" class=\"slide-667 ms-image \" aria-roledescription=\"slide\" data-date=\"2025-07-17 10:30:53\"><a href=\"https:\/\/wszib.edu.pl\/jubileusz\/wp-content\/uploads\/2025\/07\/UNIWERSYTET-PAPIESKI-scaled.jpg\" target=\"_self\" aria-label=\"View Slide Details\" class=\"metaslider_image_link\" rel=\"lightbox[666]\"><img loading=\"lazy\" decoding=\"async\" src=\"https:\/\/wszib.edu.pl\/jubileusz\/wp-content\/uploads\/2025\/07\/UNIWERSYTET-PAPIESKI-scaled-300x450.jpg\" height=\"450\" width=\"300\" alt=\"\" class=\"slider-666 slide-667 msDefaultImage\" title=\"UNIWERSYTET PAPIESKI\" \/><\/a><\/li>\n                <li style=\"display: none; width: 100%;\" class=\"slide-668 ms-image \" aria-roledescription=\"slide\" data-date=\"2025-07-17 10:31:13\"><a href=\"https:\/\/wszib.edu.pl\/jubileusz\/wp-content\/uploads\/2025\/07\/KRAKOWSKA-WYZSZA-SZKOLA-PROMOCJI-scaled.jpg\" target=\"_self\" aria-label=\"View Slide Details\" class=\"metaslider_image_link\" rel=\"lightbox[666]\"><img loading=\"lazy\" decoding=\"async\" src=\"https:\/\/wszib.edu.pl\/jubileusz\/wp-content\/uploads\/2025\/07\/KRAKOWSKA-WYZSZA-SZKOLA-PROMOCJI-scaled-300x450.jpg\" height=\"450\" width=\"300\" alt=\"\" class=\"slider-666 slide-668 msDefaultImage\" title=\"KRAKOWSKA WYZSZA SZKOLA PROMOCJI\" \/><\/a><\/li>\n                <li style=\"display: none; width: 100%;\" class=\"slide-669 ms-image \" aria-roledescription=\"slide\" data-date=\"2025-07-17 10:31:16\"><a href=\"https:\/\/wszib.edu.pl\/jubileusz\/wp-content\/uploads\/2025\/07\/UKEN-scaled.jpg\" target=\"_self\" aria-label=\"View Slide Details\" class=\"metaslider_image_link\" rel=\"lightbox[666]\"><img loading=\"lazy\" decoding=\"async\" src=\"https:\/\/wszib.edu.pl\/jubileusz\/wp-content\/uploads\/2025\/07\/UKEN-scaled-300x450.jpg\" height=\"450\" width=\"300\" alt=\"\" class=\"slider-666 slide-669 msDefaultImage\" title=\"UKEN\" \/><\/a><\/li>\n                <li style=\"display: none; width: 100%;\" class=\"slide-670 ms-image \" aria-roledescription=\"slide\" data-date=\"2025-07-17 10:31:22\"><a href=\"https:\/\/wszib.edu.pl\/jubileusz\/wp-content\/uploads\/2025\/07\/AGH-scaled.jpg\" target=\"_self\" aria-label=\"View Slide Details\" class=\"metaslider_image_link\" rel=\"lightbox[666]\"><img loading=\"lazy\" decoding=\"async\" src=\"https:\/\/wszib.edu.pl\/jubileusz\/wp-content\/uploads\/2025\/07\/AGH-scaled-300x450.jpg\" height=\"450\" width=\"300\" alt=\"\" class=\"slider-666 slide-670 msDefaultImage\" title=\"AGH\" \/><\/a><\/li>\n                <li style=\"display: none; width: 100%;\" class=\"slide-671 ms-image \" aria-roledescription=\"slide\" data-date=\"2025-07-17 10:31:27\"><a href=\"https:\/\/wszib.edu.pl\/jubileusz\/wp-content\/uploads\/2025\/07\/E-i-M-Ratajczak-scaled.jpg\" target=\"_self\" aria-label=\"View Slide Details\" class=\"metaslider_image_link\" rel=\"lightbox[666]\"><img loading=\"lazy\" decoding=\"async\" src=\"https:\/\/wszib.edu.pl\/jubileusz\/wp-content\/uploads\/2025\/07\/E-i-M-Ratajczak-scaled-300x450.jpg\" height=\"450\" width=\"300\" alt=\"\" class=\"slider-666 slide-671 msDefaultImage\" title=\"E i M Ratajczak\" \/><\/a><\/li>\n                <li style=\"display: none; width: 100%;\" class=\"slide-672 ms-image \" aria-roledescription=\"slide\" data-date=\"2025-07-17 10:31:31\"><a href=\"https:\/\/wszib.edu.pl\/jubileusz\/wp-content\/uploads\/2025\/07\/Narodowy-Bank-Polski-scaled.jpg\" target=\"_self\" aria-label=\"View Slide Details\" class=\"metaslider_image_link\" rel=\"lightbox[666]\"><img loading=\"lazy\" decoding=\"async\" src=\"https:\/\/wszib.edu.pl\/jubileusz\/wp-content\/uploads\/2025\/07\/Narodowy-Bank-Polski-scaled-300x450.jpg\" height=\"450\" width=\"300\" alt=\"\" class=\"slider-666 slide-672 msDefaultImage\" title=\"Narodowy Bank Polski\" \/><\/a><\/li>\n                <li style=\"display: none; width: 100%;\" class=\"slide-673 ms-image \" aria-roledescription=\"slide\" data-date=\"2025-07-17 10:31:34\"><a href=\"https:\/\/wszib.edu.pl\/jubileusz\/wp-content\/uploads\/2025\/07\/burmistrz-miasta-gorlice-scaled.jpg\" target=\"_self\" aria-label=\"View Slide Details\" class=\"metaslider_image_link\" rel=\"lightbox[666]\"><img loading=\"lazy\" decoding=\"async\" src=\"https:\/\/wszib.edu.pl\/jubileusz\/wp-content\/uploads\/2025\/07\/burmistrz-miasta-gorlice-scaled-300x450.jpg\" height=\"450\" width=\"300\" alt=\"\" class=\"slider-666 slide-673 msDefaultImage\" title=\"burmistrz miasta gorlice\" \/><\/a><\/li>\n                <li style=\"display: none; width: 100%;\" class=\"slide-674 ms-image \" aria-roledescription=\"slide\" data-date=\"2025-07-17 10:31:38\"><a href=\"https:\/\/wszib.edu.pl\/jubileusz\/wp-content\/uploads\/2025\/07\/uniwersytet-ekonomiczny-scaled.jpg\" target=\"_self\" aria-label=\"View Slide Details\" class=\"metaslider_image_link\" rel=\"lightbox[666]\"><img loading=\"lazy\" decoding=\"async\" src=\"https:\/\/wszib.edu.pl\/jubileusz\/wp-content\/uploads\/2025\/07\/uniwersytet-ekonomiczny-scaled-300x450.jpg\" height=\"450\" width=\"300\" alt=\"\" class=\"slider-666 slide-674 msDefaultImage\" title=\"uniwersytet ekonomiczny\" \/><\/a><\/li>\n                <li style=\"display: none; width: 100%;\" class=\"slide-675 ms-image \" aria-roledescription=\"slide\" data-date=\"2025-07-17 10:31:40\"><a href=\"https:\/\/wszib.edu.pl\/jubileusz\/wp-content\/uploads\/2025\/07\/GMINA-WIELICZKA-scaled.jpg\" target=\"_self\" aria-label=\"View Slide Details\" class=\"metaslider_image_link\" rel=\"lightbox[666]\"><img loading=\"lazy\" decoding=\"async\" src=\"https:\/\/wszib.edu.pl\/jubileusz\/wp-content\/uploads\/2025\/07\/GMINA-WIELICZKA-scaled-300x450.jpg\" height=\"450\" width=\"300\" alt=\"\" class=\"slider-666 slide-675 msDefaultImage\" title=\"GMINA WIELICZKA\" \/><\/a><\/li>\n                <li style=\"display: none; width: 100%;\" class=\"slide-676 ms-image \" aria-roledescription=\"slide\" data-date=\"2025-07-17 10:31:45\"><a href=\"https:\/\/wszib.edu.pl\/jubileusz\/wp-content\/uploads\/2025\/07\/Burmistrz-Miasta-i-Gminy-Wieliczka-scaled.jpg\" target=\"_self\" aria-label=\"View Slide Details\" class=\"metaslider_image_link\" rel=\"lightbox[666]\"><img loading=\"lazy\" decoding=\"async\" src=\"https:\/\/wszib.edu.pl\/jubileusz\/wp-content\/uploads\/2025\/07\/Burmistrz-Miasta-i-Gminy-Wieliczka-scaled-300x450.jpg\" height=\"450\" width=\"300\" alt=\"\" class=\"slider-666 slide-676 msDefaultImage\" title=\"Burmistrz Miasta i Gminy Wieliczka\" \/><\/a><\/li>\n                <li style=\"display: none; width: 100%;\" class=\"slide-677 ms-image \" aria-roledescription=\"slide\" data-date=\"2025-07-17 10:31:48\"><a href=\"https:\/\/wszib.edu.pl\/jubileusz\/wp-content\/uploads\/2025\/07\/POLITECHNIKA-KRAKOWSKA-scaled.jpg\" target=\"_self\" aria-label=\"View Slide Details\" class=\"metaslider_image_link\" rel=\"lightbox[666]\"><img loading=\"lazy\" decoding=\"async\" src=\"https:\/\/wszib.edu.pl\/jubileusz\/wp-content\/uploads\/2025\/07\/POLITECHNIKA-KRAKOWSKA-scaled-300x450.jpg\" height=\"450\" width=\"300\" alt=\"\" class=\"slider-666 slide-677 msDefaultImage\" title=\"POLITECHNIKA KRAKOWSKA\" \/><\/a><\/li>\n                <li style=\"display: none; width: 100%;\" class=\"slide-678 ms-image \" aria-roledescription=\"slide\" data-date=\"2025-07-17 10:31:51\"><a href=\"https:\/\/wszib.edu.pl\/jubileusz\/wp-content\/uploads\/2025\/07\/aaa-scaled.jpg\" target=\"_self\" aria-label=\"View Slide Details\" class=\"metaslider_image_link\" rel=\"lightbox[666]\"><img loading=\"lazy\" decoding=\"async\" src=\"https:\/\/wszib.edu.pl\/jubileusz\/wp-content\/uploads\/2025\/07\/aaa-scaled-300x450.jpg\" height=\"450\" width=\"300\" alt=\"\" class=\"slider-666 slide-678 msDefaultImage\" title=\"aaa\" \/><\/a><\/li>\n            <\/ul>\n        <\/div>\n        \n    <\/div>\n<\/div>\n<\/div><\/div>\n\n\n\n<figure class=\"wp-block-gallery has-nested-images columns-default is-cropped wp-block-gallery-1 is-layout-flex wp-block-gallery-is-layout-flex\"><\/figure>\n\n\n\n<div class=\"wp-block-group alignfull disable-button\"><div class=\"wp-block-group__inner-container is-layout-constrained wp-block-group-is-layout-constrained\"> \r\r\n\r\r\n\r\r\n<section id=\"block_7e6f32b6ef1ff3ea99faa21cfb62b229\" class=\" background_buttons_container \">\r\r\n    <a name=\"background_buttons\" style=\"margin-top: -200px; position: absolute\"><\/a>\r\r\n    \r\n    \r\n\r\n\r\n\r\n<div class=\"background-buttons main-b-color b-cover b-center mt-70\" style=\"background-image: url(https:\/\/wszib.edu.pl\/jubileusz\/wp-content\/uploads\/2025\/03\/Frame-20-1-1900x632.jpg)\">\r\n    <div class=\"floating_content\">\r\n        <div class=\"container\">\r\n            <div class=\"text-center white-color\">\r\n                <div class=\"subtitle\"><\/div>\r\n                <h2 class=\"mt-10 font25\"><\/h2>\r\n                <div class=\"desc\"><\/div>\r\n            <\/div>\r\n        <\/div>\r\n\r\n        \r\n        \r\n            <div class=\"col-12\">\r\n                    <div class=\"d-flex flex-wrap gap-25 mt-30 justify-content-center \">\r\n                        <a href=\"\" class=\"btn-first \">Dzi\u0119kujemy<\/a>                    <\/div>\r\n            <\/div>\r\n\r\n        \r\n    <\/div>\r\n<\/div>\r\n\r\n\r\n\r\n\r\n<\/section><\/div><\/div>\n\n\n\n<p><\/p>\n","protected":false},"excerpt":{"rendered":"","protected":false},"author":2,"featured_media":0,"parent":0,"menu_order":1,"comment_status":"closed","ping_status":"closed","template":"layouts\/glowna.php","meta":{"inline_featured_image":false,"footnotes":""},"class_list":["post-664","page","type-page","status-publish","hentry"],"acf":[],"_links":{"self":[{"href":"https:\/\/wszib.edu.pl\/jubileusz\/wp-json\/wp\/v2\/pages\/664","targetHints":{"allow":["GET"]}}],"collection":[{"href":"https:\/\/wszib.edu.pl\/jubileusz\/wp-json\/wp\/v2\/pages"}],"about":[{"href":"https:\/\/wszib.edu.pl\/jubileusz\/wp-json\/wp\/v2\/types\/page"}],"author":[{"embeddable":true,"href":"https:\/\/wszib.edu.pl\/jubileusz\/wp-json\/wp\/v2\/users\/2"}],"replies":[{"embeddable":true,"href":"https:\/\/wszib.edu.pl\/jubileusz\/wp-json\/wp\/v2\/comments?post=664"}],"version-history":[{"count":7,"href":"https:\/\/wszib.edu.pl\/jubileusz\/wp-json\/wp\/v2\/pages\/664\/revisions"}],"predecessor-version":[{"id":700,"href":"https:\/\/wszib.edu.pl\/jubileusz\/wp-json\/wp\/v2\/pages\/664\/revisions\/700"}],"wp:attachment":[{"href":"https:\/\/wszib.edu.pl\/jubileusz\/wp-json\/wp\/v2\/media?parent=664"}],"curies":[{"name":"wp","href":"https:\/\/api.w.org\/{rel}","templated":true}]}}