{"id":59,"date":"2025-03-14T13:35:46","date_gmt":"2025-03-14T12:35:46","guid":{"rendered":"https:\/\/wszib.edu.pl\/jubileusz\/?page_id=59"},"modified":"2025-07-16T11:39:28","modified_gmt":"2025-07-16T09:39:28","slug":"konferencja","status":"publish","type":"page","link":"https:\/\/wszib.edu.pl\/jubileusz\/konferencja\/","title":{"rendered":"Konferencja"},"content":{"rendered":" \r\r\n\r\r\n\r\r\n<section id=\"block_c50c7535b104f5e19c56a870fb2ec03d\" class=\" big_hero_container \">\r\r\n    <a name=\"big_hero\" style=\"margin-top: -200px; position: absolute\"><\/a>\r\r\n    \r\n    \r\n\n\n<div class=\"big_hero black-b-color b-cover b-center\" >\n\n    <div class=\"transparent_image\" style=\"background-image: url(https:\/\/wszib.edu.pl\/jubileusz\/wp-content\/uploads\/2025\/03\/Frame-4-2-1829x1300.jpg); opacity: 1;\"><\/div>\n    \n    <div class=\"container hide-small\">\n        <img decoding=\"async\" src=\"https:\/\/wszib.edu.pl\/jubileusz\/wp-content\/themes\/wszib\/img\/big30.png\" alt=\"30 lecie\" class=\"big30\">\n    <\/div>\n\n    <div class=\"container pt-140 hide-small\">\n        <div class=\"row\">\n            <div class=\"col-lg-10 offset-lg-1\">\n                <a href=\"https:\/\/wszib.edu.pl\/jubileusz\" class=\"logo\">\n                    <img decoding=\"async\" class=\"main-wszib-logo \" src=\"https:\/\/wszib.edu.pl\/jubileusz\/wp-content\/uploads\/2025\/03\/logo_wszib_jubileusz.png\" alt=\"Jubileusz\">\n                <\/a>\n            <\/div>\n        <\/div>\n    <\/div>\n\n    <div class=\"bottom_title\">\n        <div class=\"container\">\n            <div class=\"row\">\n                <div class=\"col-lg-5\">\n                                            <h1 class=\"mb-2\">Nasza historia<br>&#8211; Twoja przysz\u0142o\u015b\u0107<\/h1>\n                                                                <h2 class=\"font11 font300\">Jubileusz Uczelni<\/h2>\n                                    <\/div>\n            <\/div>\n           \n        <\/div>\n    <\/div>\n<\/div>\n\n\n\n\n\n\n\n<\/section>\n\n \r\r\n\r\r\n\r\r\n<section id=\"block_4cbac4d1250c4d6d15b463cd7010d989\" class=\" simple_text_container \">\r\r\n    <a name=\"simple_text\" style=\"margin-top: -200px; position: absolute\"><\/a>\r\r\n    \r\n    \r\n\r\n\r\n\r\n\r\n\r\n<div class=\"container mt-70\">\r\n    <div class=\"row\">\r\n                    <div class=\"col-lg-10 offset-lg-1\">\r\n        \r\n    \r\n\r\n\r\n\r\n        \r\n        \r\n\r\n\r\n        \r\n        \r\n\r\n\r\n        \r\n            <p><strong>Konferencja \u201eGospodarka 5.0 \u2013 Kluczowe Wyzwania z Zakresu Finans\u00f3w, Zarz\u0105dzania i Informatyki\u201d<\/strong><\/p>\n<p>13 maja 2025 roku Wy\u017csza Szko\u0142a Zarz\u0105dzania i Bankowo\u015bci w Krakowie \u015bwi\u0119towa\u0142a swoje 30-lecie wyj\u0105tkowym wydarzeniem \u2013 konferencj\u0105 \u201eGospodarka 5.0 \u2013 Kluczowe Wyzwania z Zakresu Finans\u00f3w, Zarz\u0105dzania i Informatyki\u201d. Wydarzenie zgromadzi\u0142o ekspert\u00f3w, praktyk\u00f3w i lider\u00f3w bran\u017cy, staj\u0105c si\u0119 przestrzeni\u0105 wymiany idei o przysz\u0142o\u015bci gospodarki cyfrowej.<br \/>\nWydarzenie otworzy\u0142 prof. zw. dr hab. Jerzy Hausner \u2013 polityk i ekonomista, profesor nauk ekonomicznych \u2013 kt\u00f3ry w swoim wyk\u0142adzie po\u015bwi\u0119conym wiarygodno\u015bci ekonomicznej Polski wskaza\u0142 na kluczowe wyzwania stoj\u0105ce przed krajow\u0105 gospodark\u0105.<br \/>\nKonferencja obfitowa\u0142a w merytoryczne dyskusje. Uczestnicy mogli wybra\u0107 jeden z dw\u00f3ch paneli tematycznych:<\/p>\n<p>\u2022 Transformacja cyfrowa w biznesie<br \/>\nProwadz\u0105cy: dr hab. Tomasz Kafel, prof. WSZiB<br \/>\nEksperci: dr in\u017c. Piotr Marczy\u0144ski, Tomasz Owsiak, dr Wies\u0142aw Samitowski, Grygorii Polonskyi, dr Mariusz Bo\u0142oz, dr Jolanta Gadawska<\/p>\n<p>\u2022 Rola sztucznej inteligencji i uczenia maszynowego w gospodarce 5.0<br \/>\nProwadz\u0105cy: dr in\u017c. Jerzy Jaworowski, prof. WSZiB<br \/>\nEksperci: Marcin Rek, dr Piotr Ziarkowski, mgr Grzegorz Stolecki, Anna Przyby\u0142, dr hab. Pawe\u0142 Przyby\u0142owicz<br \/>\nDu\u017cym zainteresowaniem cieszy\u0142y si\u0119 certyfikowane warsztaty praktyczne, prowadzone przez specjalist\u00f3w WSZiB. Zainteresowani mogli wybra\u0107 jeden z czterech temat\u00f3w:<\/p>\n<p>\u2022 Modelowanie i symulacje proces\u00f3w biznesowych<br \/>\ndr Bartosz Bandu\u0142a, prof. WSZiB<\/p>\n<p>\u2022 Wykorzystanie sztucznej inteligencji w biznesie<br \/>\nmgr Grzegorz Stolecki<\/p>\n<p>\u2022 Maj\u0105tek jednostek samorz\u0105du terytorialnego na gruncie przepis\u00f3w<br \/>\nmgr Teresa Krawczyk<\/p>\n<p>\u2022 Analiza i wizualizacja danych biznesowych w \u015brodowisku Power BI<br \/>\ndr Anna Kijanka, prof. WSZiB<\/p>\n<p>Podczas wydarzenia nie zabrak\u0142o tak\u017ce przestrzeni na networking oraz kreatywn\u0105 stref\u0119 relaksu VR Chill &#038; Create, kt\u00f3ra \u0142\u0105czy\u0142a technologi\u0119 z odpoczynkiem i inspiracj\u0105.<br \/>\nOsoby, kt\u00f3re nie mog\u0142y wzi\u0105\u0107 udzia\u0142u w wydarzeniu stacjonarnie, mog\u0142y \u015bledzi\u0107 konferencj\u0119 online. Nagranie wyk\u0142adu prof. Jerzego Hausnera jest dost\u0119pne na naszym kanale <strong><a href=\"https:\/\/www.youtube.com\/live\/-4kP1dMFrHs?si=YvQVJ5URL_f06y-A\" target=\"_blank\">YouTube<\/a><\/strong>. Pe\u0142na fotorelacja z wydarzenia na naszym <a href=\"https:\/\/www.facebook.com\/media\/set\/?vanity=wszib&#038;set=a.1262172672584872\" target=\"_blank\"><strong>FB<\/strong><\/a>. Dzi\u0119kujemy wszystkim prelegentom, ekspertom i uczestnikom za wsp\u00f3lne \u015bwi\u0119towanie 30-lecia WSZiB i budowanie przestrzeni do rozmowy o przysz\u0142o\u015bci gospodarki.<\/p>\n\r\n        \r\n    <\/div>\r\n\r\n<\/div>\r\n\r\n\r\n\r\n\r\n\r\n\r\n\r\n<\/section>\n\n \r\r\n\r\r\n\r\r\n<section id=\"block_20f6c732c50d3276cec1b1fc3bf5d128\" class=\" background_buttons_container \">\r\r\n    <a name=\"background_buttons\" style=\"margin-top: -200px; position: absolute\"><\/a>\r\r\n    \r\n    \r\n\r\n\r\n\r\n<div class=\"background-buttons main-b-color b-cover b-center mt-70\" style=\"background-image: url(https:\/\/wszib.edu.pl\/jubileusz\/wp-content\/uploads\/2025\/03\/stopka.png)\">\r\n    <div class=\"floating_content\">\r\n        <div class=\"container\">\r\n            <div class=\"text-center white-color\">\r\n                <div class=\"subtitle\">\u015awi\u0119tujcie z nami nasz wsp\u00f3\u0142ny sukces. <\/div>\r\n                <h2 class=\"mt-10 font25\">Przysz\u0142o\u015b\u0107 tworzymy dzisiaj.<\/h2>\r\n                <div class=\"desc\"><\/div>\r\n            <\/div>\r\n        <\/div>\r\n\r\n        \r\n        \r\n    <\/div>\r\n<\/div>\r\n\r\n\r\n\r\n\r\n<\/section>\n\n\n<figure class=\"wp-block-gallery has-nested-images columns-default is-cropped wp-block-gallery-1 is-layout-flex wp-block-gallery-is-layout-flex\">\n<figure class=\"wp-block-image size-large\"><img loading=\"lazy\" decoding=\"async\" width=\"1080\" height=\"1080\" data-id=\"342\" src=\"https:\/\/wszib.edu.pl\/jubileusz\/wp-content\/uploads\/2025\/07\/Konferencja-\u201eGospodarka-5.0-5.png\" alt=\"\" class=\"wp-image-342\" srcset=\"https:\/\/wszib.edu.pl\/jubileusz\/wp-content\/uploads\/2025\/07\/Konferencja-\u201eGospodarka-5.0-5.png 1080w, https:\/\/wszib.edu.pl\/jubileusz\/wp-content\/uploads\/2025\/07\/Konferencja-\u201eGospodarka-5.0-5-800x800.png 800w, https:\/\/wszib.edu.pl\/jubileusz\/wp-content\/uploads\/2025\/07\/Konferencja-\u201eGospodarka-5.0-5-500x500.png 500w, https:\/\/wszib.edu.pl\/jubileusz\/wp-content\/uploads\/2025\/07\/Konferencja-\u201eGospodarka-5.0-5-768x768.png 768w\" sizes=\"auto, (max-width: 1080px) 100vw, 1080px\" \/><\/figure>\n\n\n\n<figure class=\"wp-block-image size-large\"><img loading=\"lazy\" decoding=\"async\" width=\"1080\" height=\"1080\" data-id=\"339\" src=\"https:\/\/wszib.edu.pl\/jubileusz\/wp-content\/uploads\/2025\/07\/Konferencja-\u201eGospodarka-5.0.png\" alt=\"\" class=\"wp-image-339\" srcset=\"https:\/\/wszib.edu.pl\/jubileusz\/wp-content\/uploads\/2025\/07\/Konferencja-\u201eGospodarka-5.0.png 1080w, https:\/\/wszib.edu.pl\/jubileusz\/wp-content\/uploads\/2025\/07\/Konferencja-\u201eGospodarka-5.0-800x800.png 800w, https:\/\/wszib.edu.pl\/jubileusz\/wp-content\/uploads\/2025\/07\/Konferencja-\u201eGospodarka-5.0-500x500.png 500w, https:\/\/wszib.edu.pl\/jubileusz\/wp-content\/uploads\/2025\/07\/Konferencja-\u201eGospodarka-5.0-768x768.png 768w\" sizes=\"auto, (max-width: 1080px) 100vw, 1080px\" \/><\/figure>\n\n\n\n<figure class=\"wp-block-image size-large\"><img loading=\"lazy\" decoding=\"async\" width=\"1080\" height=\"1080\" data-id=\"338\" src=\"https:\/\/wszib.edu.pl\/jubileusz\/wp-content\/uploads\/2025\/07\/Konferencja-\u201eGospodarka-5.0-3.png\" alt=\"\" class=\"wp-image-338\" srcset=\"https:\/\/wszib.edu.pl\/jubileusz\/wp-content\/uploads\/2025\/07\/Konferencja-\u201eGospodarka-5.0-3.png 1080w, https:\/\/wszib.edu.pl\/jubileusz\/wp-content\/uploads\/2025\/07\/Konferencja-\u201eGospodarka-5.0-3-800x800.png 800w, https:\/\/wszib.edu.pl\/jubileusz\/wp-content\/uploads\/2025\/07\/Konferencja-\u201eGospodarka-5.0-3-500x500.png 500w, https:\/\/wszib.edu.pl\/jubileusz\/wp-content\/uploads\/2025\/07\/Konferencja-\u201eGospodarka-5.0-3-768x768.png 768w\" sizes=\"auto, (max-width: 1080px) 100vw, 1080px\" \/><\/figure>\n\n\n\n<figure class=\"wp-block-image size-large\"><img loading=\"lazy\" decoding=\"async\" width=\"1080\" height=\"1080\" data-id=\"340\" src=\"https:\/\/wszib.edu.pl\/jubileusz\/wp-content\/uploads\/2025\/07\/Konferencja-\u201eGospodarka-5.0-4.png\" alt=\"\" class=\"wp-image-340\" srcset=\"https:\/\/wszib.edu.pl\/jubileusz\/wp-content\/uploads\/2025\/07\/Konferencja-\u201eGospodarka-5.0-4.png 1080w, https:\/\/wszib.edu.pl\/jubileusz\/wp-content\/uploads\/2025\/07\/Konferencja-\u201eGospodarka-5.0-4-800x800.png 800w, https:\/\/wszib.edu.pl\/jubileusz\/wp-content\/uploads\/2025\/07\/Konferencja-\u201eGospodarka-5.0-4-500x500.png 500w, https:\/\/wszib.edu.pl\/jubileusz\/wp-content\/uploads\/2025\/07\/Konferencja-\u201eGospodarka-5.0-4-768x768.png 768w\" sizes=\"auto, (max-width: 1080px) 100vw, 1080px\" \/><\/figure>\n\n\n\n<figure class=\"wp-block-image size-large\"><img loading=\"lazy\" decoding=\"async\" width=\"1080\" height=\"1080\" data-id=\"341\" src=\"https:\/\/wszib.edu.pl\/jubileusz\/wp-content\/uploads\/2025\/07\/Konferencja-\u201eGospodarka-5.0-2.png\" alt=\"\" class=\"wp-image-341\" srcset=\"https:\/\/wszib.edu.pl\/jubileusz\/wp-content\/uploads\/2025\/07\/Konferencja-\u201eGospodarka-5.0-2.png 1080w, https:\/\/wszib.edu.pl\/jubileusz\/wp-content\/uploads\/2025\/07\/Konferencja-\u201eGospodarka-5.0-2-800x800.png 800w, https:\/\/wszib.edu.pl\/jubileusz\/wp-content\/uploads\/2025\/07\/Konferencja-\u201eGospodarka-5.0-2-500x500.png 500w, https:\/\/wszib.edu.pl\/jubileusz\/wp-content\/uploads\/2025\/07\/Konferencja-\u201eGospodarka-5.0-2-768x768.png 768w\" sizes=\"auto, (max-width: 1080px) 100vw, 1080px\" \/><\/figure>\n<\/figure>\n\n\n\n<div class=\"wp-block-group alignfull disable-button\"><div class=\"wp-block-group__inner-container is-layout-constrained wp-block-group-is-layout-constrained\"> \r\r\n\r\r\n\r\r\n<section id=\"block_2a94282c304874fb13bbcb2652d2961d\" class=\" background_buttons_container \">\r\r\n    <a name=\"background_buttons\" style=\"margin-top: -200px; position: absolute\"><\/a>\r\r\n    \r\n    \r\n\r\n\r\n\r\n<div class=\"background-buttons main-b-color b-cover b-center mt-70\" style=\"background-image: url(https:\/\/wszib.edu.pl\/jubileusz\/wp-content\/uploads\/2025\/03\/Frame-20-1-1900x632.jpg)\">\r\n    <div class=\"floating_content\">\r\n        <div class=\"container\">\r\n            <div class=\"text-center white-color\">\r\n                <div class=\"subtitle\"><\/div>\r\n                <h2 class=\"mt-10 font25\"><\/h2>\r\n                <div class=\"desc\"><\/div>\r\n            <\/div>\r\n        <\/div>\r\n\r\n        \r\n        \r\n            <div class=\"col-12\">\r\n                    <div class=\"d-flex flex-wrap gap-25 mt-30 justify-content-center \">\r\n                        <a href=\"\" class=\"btn-first \">Dzi\u0119kujemy<\/a>                    <\/div>\r\n            <\/div>\r\n\r\n        \r\n    <\/div>\r\n<\/div>\r\n\r\n\r\n\r\n\r\n<\/section><\/div><\/div>\n\n\n\n<p><\/p>\n","protected":false},"excerpt":{"rendered":"","protected":false},"author":1,"featured_media":0,"parent":0,"menu_order":7,"comment_status":"closed","ping_status":"closed","template":"","meta":{"inline_featured_image":false,"footnotes":""},"class_list":["post-59","page","type-page","status-publish","hentry"],"acf":[],"_links":{"self":[{"href":"https:\/\/wszib.edu.pl\/jubileusz\/wp-json\/wp\/v2\/pages\/59","targetHints":{"allow":["GET"]}}],"collection":[{"href":"https:\/\/wszib.edu.pl\/jubileusz\/wp-json\/wp\/v2\/pages"}],"about":[{"href":"https:\/\/wszib.edu.pl\/jubileusz\/wp-json\/wp\/v2\/types\/page"}],"author":[{"embeddable":true,"href":"https:\/\/wszib.edu.pl\/jubileusz\/wp-json\/wp\/v2\/users\/1"}],"replies":[{"embeddable":true,"href":"https:\/\/wszib.edu.pl\/jubileusz\/wp-json\/wp\/v2\/comments?post=59"}],"version-history":[{"count":101,"href":"https:\/\/wszib.edu.pl\/jubileusz\/wp-json\/wp\/v2\/pages\/59\/revisions"}],"predecessor-version":[{"id":421,"href":"https:\/\/wszib.edu.pl\/jubileusz\/wp-json\/wp\/v2\/pages\/59\/revisions\/421"}],"wp:attachment":[{"href":"https:\/\/wszib.edu.pl\/jubileusz\/wp-json\/wp\/v2\/media?parent=59"}],"curies":[{"name":"wp","href":"https:\/\/api.w.org\/{rel}","templated":true}]}}