{"id":50,"date":"2025-03-14T13:25:58","date_gmt":"2025-03-14T12:25:58","guid":{"rendered":"https:\/\/wszib.edu.pl\/jubileusz\/?page_id=50"},"modified":"2025-07-15T14:11:32","modified_gmt":"2025-07-15T12:11:32","slug":"jubileusz-wszib","status":"publish","type":"page","link":"https:\/\/wszib.edu.pl\/jubileusz\/","title":{"rendered":"Jubileusz WSZIB"},"content":{"rendered":" \r\r\n\r\r\n\r\r\n<section id=\"block_a25a812b512a3322eff9c0db42a05580\" class=\" big_hero_container \">\r\r\n    <a name=\"big_hero\" style=\"margin-top: -200px; position: absolute\"><\/a>\r\r\n    \r\n    \r\n\n\n<div class=\"big_hero black-b-color b-cover b-center\" >\n\n    <div class=\"transparent_image\" style=\"background-image: url(https:\/\/wszib.edu.pl\/jubileusz\/wp-content\/uploads\/2025\/03\/graduvja-baner-zaslepka-2-1828x1300.jpg); opacity: 1;\"><\/div>\n    \n    <div class=\"container hide-small\">\n        <img decoding=\"async\" src=\"https:\/\/wszib.edu.pl\/jubileusz\/wp-content\/themes\/wszib\/img\/big30.png\" alt=\"30 lecie\" class=\"big30\">\n    <\/div>\n\n    <div class=\"container pt-140 hide-small\">\n        <div class=\"row\">\n            <div class=\"col-lg-10 offset-lg-1\">\n                <a href=\"https:\/\/wszib.edu.pl\/jubileusz\" class=\"logo\">\n                    <img decoding=\"async\" class=\"main-wszib-logo \" src=\"https:\/\/wszib.edu.pl\/jubileusz\/wp-content\/uploads\/2025\/03\/logo_wszib_jubileusz.png\" alt=\"Jubileusz\">\n                <\/a>\n            <\/div>\n        <\/div>\n    <\/div>\n\n    <div class=\"bottom_title\">\n        <div class=\"container\">\n            <div class=\"row\">\n                <div class=\"col-lg-5\">\n                                            <h1 class=\"mb-2\">Nasza historia<br>&#8211; Twoja przysz\u0142o\u015b\u0107<\/h1>\n                                                                <h2 class=\"font11 font300\">Jubileusz Uczelni<\/h2>\n                                    <\/div>\n            <\/div>\n           \n        <\/div>\n    <\/div>\n<\/div>\n\n\n\n\n\n\n\n<\/section>\n\n \r\r\n\r\r\n\r\r\n<section id=\"block_630b1f297fb7a419ca9421047df5c4eb\" class=\" simple_text_with_photo_container \">\r\r\n    <a name=\"simple_text_with_photo\" style=\"margin-top: -200px; position: absolute\"><\/a>\r\r\n    \r\n    \r\n\n\n\n\n\n<div class=\"text_container_with_photo container mt-70\">\n\n    \n        <div class=\"row\">\n            <div class=\"col-lg-4 text-md-right\">\n                <img decoding=\"async\" src=\"https:\/\/wszib.edu.pl\/jubileusz\/wp-content\/uploads\/2025\/03\/Rectangle-2.jpg\" alt=\"\">\n            <\/div>\n            <div class=\"content_container col-lg-8 paragraph-first-0\">\n                \n                \n\n\n                                \n\n\n                                    <p>11 maja 1995 roku to dzie\u0144 wpisu Wy\u017cszej Szko\u0142y Zarz\u0105dzania i Bankowo\u015bci do Ksi\u0119gi Rejestru Uczelni Niepa\u0144stwowych nr 55 i dzie\u0144 uzyskania uprawnie\u0144 do kszta\u0142cenia zawodowego na kierunku Zarz\u0105dzanie i Marketing. W tym samym roku utworzyli\u015bmy kampus przy al. Kijowskiej 14 w Krakowie.<\/p>\n<p>Historia, jak\u0105 tworzyli\u015bmy przez 30 lat jest naszym fundamentem, kt\u00f3ry daje nam baz\u0119 do dalszego, stabilnego rozwoju. Do tej pory wydali\u015bmy 46199 album\u00f3w studenta. Wyznacznikiem naszych dzia\u0142a\u0144 zawsze by\u0142, jest i b\u0119dzie Student. Dlatego naszym priorytetem jest dostosowywanie dzia\u0142a\u0144 do potrzeb i oczekiwa\u0144 os\u00f3b, kt\u00f3re decyduj\u0105 si\u0119 na edukacj\u0119 w naszej Uczelni oraz oczekiwa\u0144 dynamicznie zmieniaj\u0105cego si\u0119 rynku pracy.<\/p>\n                            <\/div>\n\n        <\/div>\n  \n\n<\/div>\n\n\n\n\n\n\n\n<\/section>\n\n \r\r\n\r\r\n\r\r\n<section id=\"block_4a5f27876ce46371a90f9d04f09ed506\" class=\" studia_levels_container \">\r\r\n    <a name=\"studia_levels\" style=\"margin-top: -200px; position: absolute\"><\/a>\r\r\n    \r\n    \r\n\r\n\r\n\r\n\r\n\r\n<div class=\"studia_poziomy  mt-70\">\r\n    \r\n    <div class=\"poziomy\">\r\n                    <div class=\"poziom\">\r\n                <div class=\"poziom__opis\">\r\n                    <h2 class=\"mt-0\">Studia<\/h2>\r\n                    <div class=\"poziom_subtitle\">I STOPNIA<\/div>\r\n                    \r\n                <\/div>\r\n                <div class=\"poziom_details\">\r\n                                            <div class=\"poziom_details__item\">\r\n                            <div class=\"poziom_details__item__icon\">\r\n                                                                <img decoding=\"async\" src=\"https:\/\/wszib.edu.pl\/jubileusz\/wp-content\/uploads\/2025\/03\/education_11793577.png\" alt=\"7 kierunk\u00f3w\">\r\n                            <\/div>\r\n                            <div class=\"poziom_details__item__opis\">\r\n                                7 kierunk\u00f3w                            <\/div>\r\n                        <\/div>\r\n                                            <div class=\"poziom_details__item\">\r\n                            <div class=\"poziom_details__item__icon\">\r\n                                                                <img decoding=\"async\" src=\"https:\/\/wszib.edu.pl\/jubileusz\/wp-content\/uploads\/2025\/03\/pencil_8449251.png\" alt=\"20 \u015bcie\u017cek kszta\u0142cenia\">\r\n                            <\/div>\r\n                            <div class=\"poziom_details__item__opis\">\r\n                                20 \u015bcie\u017cek kszta\u0142cenia                            <\/div>\r\n                        <\/div>\r\n                                            \r\n                <\/div>\r\n            <\/div>\r\n                    <div class=\"poziom\">\r\n                <div class=\"poziom__opis\">\r\n                    <h2 class=\"mt-0\">Studia<\/h2>\r\n                    <div class=\"poziom_subtitle\">II STOPNIA<\/div>\r\n                    \r\n                <\/div>\r\n                <div class=\"poziom_details\">\r\n                                            <div class=\"poziom_details__item\">\r\n                            <div class=\"poziom_details__item__icon\">\r\n                                                                <img decoding=\"async\" src=\"https:\/\/wszib.edu.pl\/jubileusz\/wp-content\/uploads\/2025\/03\/education_11793577.png\" alt=\"3 kierunki\">\r\n                            <\/div>\r\n                            <div class=\"poziom_details__item__opis\">\r\n                                3 kierunki                            <\/div>\r\n                        <\/div>\r\n                                            <div class=\"poziom_details__item\">\r\n                            <div class=\"poziom_details__item__icon\">\r\n                                                                <img decoding=\"async\" src=\"https:\/\/wszib.edu.pl\/jubileusz\/wp-content\/uploads\/2025\/03\/pencil_8449251.png\" alt=\"12 \u015bcie\u017cek kszta\u0142cenia\">\r\n                            <\/div>\r\n                            <div class=\"poziom_details__item__opis\">\r\n                                12 \u015bcie\u017cek kszta\u0142cenia                            <\/div>\r\n                        <\/div>\r\n                                            \r\n                <\/div>\r\n            <\/div>\r\n                    <div class=\"poziom\">\r\n                <div class=\"poziom__opis\">\r\n                    <h2 class=\"mt-0\">Studia<\/h2>\r\n                    <div class=\"poziom_subtitle\">podyplomowe<\/div>\r\n                    \r\n                <\/div>\r\n                <div class=\"poziom_details\">\r\n                                            <div class=\"poziom_details__item\">\r\n                            <div class=\"poziom_details__item__icon\">\r\n                                                                <img decoding=\"async\" src=\"https:\/\/wszib.edu.pl\/jubileusz\/wp-content\/uploads\/2025\/03\/education_11793577.png\" alt=\"16 kierunk\u00f3w\">\r\n                            <\/div>\r\n                            <div class=\"poziom_details__item__opis\">\r\n                                16 kierunk\u00f3w                            <\/div>\r\n                        <\/div>\r\n                                            \r\n                <\/div>\r\n            <\/div>\r\n        \r\n<\/div>\r\n\r\n\r\n\r\n\r\n\r\n\r\n\r\n<\/section>\n\n \r\r\n\r\r\n\r\r\n<section id=\"block_e11e60dd34384ac8156d36658c0c1c75\" class=\" full_text_and_photo_container \">\r\r\n    <a name=\"full_text_and_photo\" style=\"margin-top: -200px; position: absolute\"><\/a>\r\r\n    \r\n    \r\n\r\n\r\n\r\n\r\n\r\n<div class=\"simple_text_wide_photo container mt-70\">\r\n    \r\n\r\n                    <div class=\"row\">\r\n                <div class=\"col-lg-6 pt-lg-5 order-lg-1 order-2\">\r\n\r\n                                \r\n                                \r\n                \r\n                    <p>Od 30 lat stawiamy na praktyczne umiej\u0119tno\u015bci, wysok\u0105<br \/>\njako\u015b\u0107 kszta\u0142cenia i wsparcie rozwoju kariery naszych Student\u00f3w.<br \/>\nW 1998 roku WSZiB jako jedna z pierwszych Uczelni w Polsce wprowadzi\u0142a do procesu dydaktycznego symulacj\u0119 biznesow\u0105 Marketplace. W zarz\u0105dzaniu edukacj\u0105 kierujemy si\u0119 zasadami TQM (zarz\u0105dzanie przez jako\u015b\u0107), co potwierdza m.in nadanie Uczelni przez Izb\u0119 Przemys\u0142owo-Handlow\u0105 w Krakowie \u201eCertyfikatu Jako\u015bci\u201d. W 2018 roku, pod\u0105\u017caj\u0105c za potrzebami naszych Student\u00f3w, zmienili\u015bmy profil kszta\u0142cenia na praktyczny. Oferujemy darmowe kursy w ramach Oracle Academy, Red Hat Academy, Cisco Networking Academy, AWS Academy i wielu innych. Stale poszerzamy ofert\u0119, wprowadzamy nowoczesne rozwi\u0105zania technologiczne i najnowszy sprz\u0119t, aby zapewni\u0107 Studentom jak najlepsze warunki do rozwoju.<\/p>\n\r\n                \r\n            <\/div>\r\n            <div class=\"col-lg-6 order-lg-2 order-1\">\r\n                <div class=\"position-relative\">\r\n                    <div class=\"to_right\">\r\n                        <img decoding=\"async\" src=\"https:\/\/wszib.edu.pl\/jubileusz\/wp-content\/uploads\/2025\/03\/Group-1-1024x552.png\" alt=\"\" class=\"\">\r\n                    <\/div>\r\n                <\/div>\r\n            <\/div>\r\n            <\/div>\r\n                \r\n        \r\n\r\n    <\/div>\r\n\r\n<\/div>\r\n\r\n\r\n\r\n\r\n\r\n\r\n\r\n<\/section>\n\n \r\r\n\r\r\n\r\r\n<section id=\"block_7c71a1f26634fc4ef1713550ef202835\" class=\" history_photos_container \">\r\r\n    <a name=\"history_photos\" style=\"margin-top: -200px; position: absolute\"><\/a>\r\r\n    \r\n    \r\n\r\n\r\n\r\n\r\n\r\n<div class=\"history_photos container mt-70\">\r\n\r\n    <div class=\"row\">\r\n        <div class=\"col-lg-3 order-lg-2\">\r\n\r\n            <div class=\"history_navigation\">\r\n\r\n                                        \r\n                        <div class=\"history_year mb-20 active\" data-year=\"1998\">\r\n                            1998                        <\/div>\r\n\r\n                                        \r\n                        <div class=\"history_year mb-20 \" data-year=\"2000\">\r\n                            2000                        <\/div>\r\n\r\n                                        \r\n                        <div class=\"history_year mb-20 \" data-year=\"2001\">\r\n                            2001                        <\/div>\r\n\r\n                                        \r\n                        <div class=\"history_year mb-20 \" data-year=\"2002\">\r\n                            2002                        <\/div>\r\n\r\n                \r\n            <\/div>\r\n\r\n        <\/div>\r\n\r\n        <div class=\"col-lg-5 offset-lg-3 order-lg-1\">\r\n\r\n            <div class=\"history_slides\">\r\n                \r\n                    <div class=\"single_slide active animate\" data-slide-year=\"1998\" >\r\n                        <div class=\"slide_photo\" style=\"background-image: url(https:\/\/wszib.edu.pl\/jubileusz\/wp-content\/uploads\/2025\/03\/Rectangle-3.jpg)\"><\/div>\r\n\r\n                        <div class=\"slide_content\">\r\n                            <div class=\"slide_year_line\">\r\n                                <div class=\"year\">\r\n                                    1998                                <\/div>\r\n                                <div class=\"line\"><\/div>\r\n                                <div class=\"year2\">\r\n                                    1998                                <\/div>\r\n                            <\/div>\r\n                            <div class=\"slide_desc\">\r\n                                <p>Wprowadzenie do procesu dydaktycznego symulacj\u0119 biznesow\u0105 Marketplace<\/p>\n                            <\/div>\r\n                        <\/div>\r\n\r\n                    <\/div>\r\n\r\n                \r\n                    <div class=\"single_slide \" data-slide-year=\"2000\" >\r\n                        <div class=\"slide_photo\" style=\"background-image: url(https:\/\/wszib.edu.pl\/jubileusz\/wp-content\/uploads\/2025\/03\/Rectangle-3-1.jpg)\"><\/div>\r\n\r\n                        <div class=\"slide_content\">\r\n                            <div class=\"slide_year_line\">\r\n                                <div class=\"year\">\r\n                                    2000                                <\/div>\r\n                                <div class=\"line\"><\/div>\r\n                                <div class=\"year2\">\r\n                                    2000                                <\/div>\r\n                            <\/div>\r\n                            <div class=\"slide_desc\">\r\n                                <p>Wdro\u017cenie platformy SUSZI (Sieciowy Uczelniany System Zarz\u0105dzania Informacj\u0105)<\/p>\n                            <\/div>\r\n                        <\/div>\r\n\r\n                    <\/div>\r\n\r\n                \r\n                    <div class=\"single_slide \" data-slide-year=\"2001\" >\r\n                        <div class=\"slide_photo\" style=\"background-image: url(https:\/\/wszib.edu.pl\/jubileusz\/wp-content\/uploads\/2025\/03\/Rectangle-3-2.jpg)\"><\/div>\r\n\r\n                        <div class=\"slide_content\">\r\n                            <div class=\"slide_year_line\">\r\n                                <div class=\"year\">\r\n                                    2001                                <\/div>\r\n                                <div class=\"line\"><\/div>\r\n                                <div class=\"year2\">\r\n                                    2001                                <\/div>\r\n                            <\/div>\r\n                            <div class=\"slide_desc\">\r\n                                <p>Rozpocz\u0119cie kurs\u00f3w CISCO Networking Academy. Jako jeden<br \/>\nz pierwszych podmiot\u00f3w w Ma\u0142opolsce<\/p>\n                            <\/div>\r\n                        <\/div>\r\n\r\n                    <\/div>\r\n\r\n                \r\n                    <div class=\"single_slide \" data-slide-year=\"2002\" >\r\n                        <div class=\"slide_photo\" style=\"background-image: url(https:\/\/wszib.edu.pl\/jubileusz\/wp-content\/uploads\/2025\/03\/Rectangle-3-3.jpg)\"><\/div>\r\n\r\n                        <div class=\"slide_content\">\r\n                            <div class=\"slide_year_line\">\r\n                                <div class=\"year\">\r\n                                    2002                                <\/div>\r\n                                <div class=\"line\"><\/div>\r\n                                <div class=\"year2\">\r\n                                    2002                                <\/div>\r\n                            <\/div>\r\n                            <div class=\"slide_desc\">\r\n                                <p>Uruchomienie platformy\u00a0 SAKE (Sieciowy Akademicki Kurier E-learningowy)<\/p>\n                            <\/div>\r\n                        <\/div>\r\n\r\n                    <\/div>\r\n\r\n                            <\/div>\r\n            \r\n        <\/div>\r\n        \r\n    <\/div>\r\n\r\n<\/div>\r\n\r\n\r\n\r\n\r\n\r\n\r\n\r\n<\/section>\n\n \r\r\n\r\r\n\r\r\n<section id=\"block_9791eff456b0a5956afc959d2883797c\" class=\" full_text_and_photo_container \">\r\r\n    <a name=\"full_text_and_photo\" style=\"margin-top: -200px; position: absolute\"><\/a>\r\r\n    \r\n    \r\n\r\n\r\n\r\n\r\n\r\n<div class=\"simple_text_wide_photo container mt-70\">\r\n    \r\n\r\n                    <div class=\"row align-items-end\">\r\n                <div class=\"col-lg-6\">\r\n                    <div class=\"position-relative\">\r\n                        <div class=\"to_left\">\r\n                            <img decoding=\"async\" src=\"https:\/\/wszib.edu.pl\/jubileusz\/wp-content\/uploads\/2025\/03\/1-lata-90-4-1.jpg\" alt=\"\" class=\"\">\r\n                        <\/div>\r\n                    <\/div>\r\n                <\/div>\r\n\r\n                <div class=\"col-lg-6\">\r\n\r\n                                        \r\n                                        \r\n                    \r\n                        <p>Na sukces Uczelni pracuj\u0105 ludzie &#8211; to oni s\u0105 fundamentem WSZiB.<br \/>\nZar\u00f3wno Studenci, jak i kadra sk\u0142adaj\u0105ca si\u0119 nie tylko z nauczycieli akademickich, ale i praktyk\u00f3w, kt\u00f3rzy na zaj\u0119ciach warsztatowych przekazuj\u0105 Studentom umiej\u0119tno\u015bci po\u017c\u0105dane na rynku pracy. Chcemy, aby nasi Studenci mieli jak najlepszy start w \u017cycie zawodowe, dlatego dbamy o relacje biznesowe, nawi\u0105zuj\u0105c relacje<br \/>\nz najwi\u0119kszymi firmami o stabilnej pozycji rynkowej.<\/p>\n\r\n                    \r\n                <\/div>\r\n            <\/div>\r\n\r\n                \r\n        \r\n\r\n    <\/div>\r\n\r\n<\/div>\r\n\r\n\r\n\r\n\r\n\r\n\r\n\r\n<\/section>\n\n \r\r\n\r\r\n\r\r\n<section id=\"block_e3bc49672f1c2dec4433f965e600c300\" class=\" history_timeline_container \">\r\r\n    <a name=\"history_timeline\" style=\"margin-top: -200px; position: absolute\"><\/a>\r\r\n    \r\n    \r\n\n\n\n\n<div class=\"history_timeline\">\n    <div class=\" container\">\n        \n        <div class=\"container\">\n            <div class=\"history_events\" >\n                                    <div class=\"history_event\">\n                        <div class=\"history_event_date\">\n                            2003                        <\/div>\n                        <div class=\"history_event_content\">\n                            <div data-words=\"25\"  class=\"history_event_text\" \">\n                                <p>Zaj\u0119cie I miejsca w\u015br\u00f3d niepa\u0144stwowych Uczelni licencjackich w rankingu \u201eRzeczypospolitej\u201d\u202f i \u201ePerspektyw\u201d. Sukces ten powt\u00f3rzony zosta\u0142 w roku 2004.<\/p>\n                            <\/div>\n                        <\/div>\n                    <\/div>\n                                    <div class=\"history_event\">\n                        <div class=\"history_event_date\">\n                            2005                        <\/div>\n                        <div class=\"history_event_content\">\n                            <div data-words=\"7\"  class=\"history_event_text\" \">\n                                <p>Uzyskanie certyfikatu Wiarygodna Szko\u0142a<\/p>\n                            <\/div>\n                        <\/div>\n                    <\/div>\n                                    <div class=\"history_event\">\n                        <div class=\"history_event_date\">\n                            2006                        <\/div>\n                        <div class=\"history_event_content\">\n                            <div data-words=\"35\"  class=\"history_event_text\" style=\"font-size: 0.9rem\"\">\n                                <p>Wy\u017csza Szko\u0142a Zarz\u0105dzania i Bankowo\u015bci w Krakowie zosta\u0142a nagrodzona presti\u017cow\u0105 statuetk\u0105 Pi\u00f3ro Businessu dla Firm dzia\u0142aj\u0105cych w sektorze ma\u0142ych i \u015brednich przedsi\u0119biorstw.<\/p>\n                            <\/div>\n                        <\/div>\n                    <\/div>\n                                    <div class=\"history_event\">\n                        <div class=\"history_event_date\">\n                            2010                        <\/div>\n                        <div class=\"history_event_content\">\n                            <div data-words=\"16\"  class=\"history_event_text\" \">\n                                <p>Czerwiec, Uczelnia otrzyma\u0142a Nagrod\u0119 Specjaln\u0105 Izby Przemys\u0142owo-Handlowej w Krakowie\u202f \u201eZ\u0142oty Dukat\u201d.<\/p>\n                            <\/div>\n                        <\/div>\n                    <\/div>\n                                    <div class=\"history_event\">\n                        <div class=\"history_event_date\">\n                            2014                        <\/div>\n                        <div class=\"history_event_content\">\n                            <div data-words=\"33\"  class=\"history_event_text\" style=\"font-size: 0.9rem\"\">\n                                <p>18 listopada, WSZiB otrzyma\u0142a nagrod\u0119 Konfederacji Lewiatan \u201eMa\u0142opolski D\u0105b 2014\u201d przyznawan\u0105 za wybitne osi\u0105gni\u0119cia na rzecz rozwoju gospodarczego Ma\u0142opolski, promocj\u0119 innowacyjno\u015bci i wysokie standardy w biznesie.<\/p>\n                            <\/div>\n                        <\/div>\n                    <\/div>\n                            <\/div>\n        <\/div>\n\n    <\/div>\n\n<\/div>\n\n\n\n\n\n\n\n<\/section>\n\n \r\r\n\r\r\n\r\r\n<section id=\"block_400057733194a1be56cbec63da30707a\" class=\" background_buttons_container \">\r\r\n    <a name=\"background_buttons\" style=\"margin-top: -200px; position: absolute\"><\/a>\r\r\n    \r\n    \r\n\r\n\r\n\r\n<div class=\"background-buttons main-b-color b-cover b-center mt-70\" style=\"background-image: url(https:\/\/wszib.edu.pl\/jubileusz\/wp-content\/uploads\/2025\/03\/stopka.png)\">\r\n    <div class=\"floating_content\">\r\n        <div class=\"container\">\r\n            <div class=\"text-center white-color\">\r\n                <div class=\"subtitle\">\u015awi\u0119tujcie z nami nasz wsp\u00f3\u0142ny sukces. <\/div>\r\n                <h2 class=\"mt-10 font25\">Przysz\u0142o\u015b\u0107 tworzymy dzisiaj.<\/h2>\r\n                <div class=\"desc\"><\/div>\r\n            <\/div>\r\n        <\/div>\r\n\r\n        \r\n        \r\n    <\/div>\r\n<\/div>\r\n\r\n\r\n\r\n\r\n<\/section>","protected":false},"excerpt":{"rendered":"","protected":false},"author":1,"featured_media":0,"parent":0,"menu_order":4,"comment_status":"closed","ping_status":"closed","template":"","meta":{"inline_featured_image":false,"footnotes":""},"class_list":["post-50","page","type-page","status-publish","hentry"],"acf":[],"_links":{"self":[{"href":"https:\/\/wszib.edu.pl\/jubileusz\/wp-json\/wp\/v2\/pages\/50","targetHints":{"allow":["GET"]}}],"collection":[{"href":"https:\/\/wszib.edu.pl\/jubileusz\/wp-json\/wp\/v2\/pages"}],"about":[{"href":"https:\/\/wszib.edu.pl\/jubileusz\/wp-json\/wp\/v2\/types\/page"}],"author":[{"embeddable":true,"href":"https:\/\/wszib.edu.pl\/jubileusz\/wp-json\/wp\/v2\/users\/1"}],"replies":[{"embeddable":true,"href":"https:\/\/wszib.edu.pl\/jubileusz\/wp-json\/wp\/v2\/comments?post=50"}],"version-history":[{"count":51,"href":"https:\/\/wszib.edu.pl\/jubileusz\/wp-json\/wp\/v2\/pages\/50\/revisions"}],"predecessor-version":[{"id":395,"href":"https:\/\/wszib.edu.pl\/jubileusz\/wp-json\/wp\/v2\/pages\/50\/revisions\/395"}],"wp:attachment":[{"href":"https:\/\/wszib.edu.pl\/jubileusz\/wp-json\/wp\/v2\/media?parent=50"}],"curies":[{"name":"wp","href":"https:\/\/api.w.org\/{rel}","templated":true}]}}